{"id":2,"date":"2022-04-21T10:40:57","date_gmt":"2022-04-21T08:40:57","guid":{"rendered":"https:\/\/energiezestrech.eu\/?page_id=2"},"modified":"2022-04-21T11:31:03","modified_gmt":"2022-04-21T09:31:03","slug":"zkusebni-stranka","status":"publish","type":"page","link":"https:\/\/energiezestrech.cz\/","title":{"rendered":"Energie ze st\u0159ech"},"content":{"rendered":"\n<p>Taky jste si \u0159\u00edkali, \u017ee pr\u00e1v\u011b te\u010f je \u010das na to sn\u00ed\u017eit si \u00fa\u010dty za energie? Tak to jste na spr\u00e1vn\u00e9m m\u00edst\u011b! Na\u0161i odborn\u00edci s V\u00e1mi r\u00e1di proberou Va\u0161i aktu\u00e1ln\u00ed situaci a tak\u00e9 v\u00fdhled do budoucna a navrhnou v\u00e1m \u0159e\u0161en\u00ed \u0161it\u00e9 na m\u00edru.<\/p>\n\n\n\n<p>\u0158\u00edk\u00e1te si, pro\u010d \u0159e\u0161en\u00ed na m\u00edru? Ona ka\u017ed\u00e1 dom\u00e1cnost m\u00e1 energetick\u00e9 n\u00e1roky velmi r\u016fzn\u00e9 a b\u011b\u017en\u00ed poradci v\u011bt\u0161inou nab\u00edz\u00ed jen v\u00fdb\u011br z n\u011bkolika p\u0159edchystan\u00fdch variant. Na\u0161i z\u00e1kazn\u00edci dostanou na z\u00e1klad\u011b vstupn\u00ed osobn\u00ed konzultace nab\u00eddky vhodn\u00e9 pr\u00e1v\u011b pro jejich situaci a jednotliv\u00e9 nab\u00edzen\u00e9 mo\u017enosti jen zohledn\u00ed m\u00edru mo\u017en\u00e9 \u00faspory p\u0159\u00edpadn\u011b \u010d\u00e1ste\u010dn\u00e9 energetick\u00e9 sob\u011bsta\u010dnosti a finan\u010dn\u00edch mo\u017enost\u00ed.<\/p>\n\n\n\n<p>Vy\u0159\u00edd\u00edme za v\u00e1s kompletn\u011b dotace.<\/p>\n\n\n\n<blockquote class=\"wp-block-quote is-layout-flow wp-block-quote-is-layout-flow\"><p>Jejich osobn\u00ed z\u00e1stupce se n\u00e1s zeptal na ot\u00e1zky, kter\u00e9 by mn\u011b v\u016fbec nenapadly a d\u00edky nim jsme m\u011bli jednodu\u0161\u0161\u00ed se pak rozhodnout, jestli n\u00e1m bude sta\u010dit oh\u0159ev vody nebo cel\u00e1 elektr\u00e1rna se z\u00e1lohou.<\/p><cite>pan\u00ed Andrea<\/cite><\/blockquote>\n\n\n\n<p>&#8230;a nebo n\u011bco takov\u00e9ho:<\/p>\n\n\n\n<blockquote class=\"wp-block-quote is-layout-flow wp-block-quote-is-layout-flow\"><p>Spole\u010dnost EnergieZeSt\u0159ech.cz provedla kompletn\u00ed mont\u00e1\u017e na\u0161\u00ed fotovoltaick\u00e9 elektr\u00e1rny b\u011bhem velmi kr\u00e1tk\u00e9 doby a vy\u0159\u00eddili za n\u00e1s tak\u00e9 v\u0161echny pot\u0159ebn\u00e9 pap\u00edry.<\/p><cite>pan Tom\u00e1\u0161<\/cite><\/blockquote>\n\n\n\n<p><\/p>\n","protected":false},"excerpt":{"rendered":"<p>Taky jste si \u0159\u00edkali, \u017ee pr\u00e1v\u011b te\u010f je \u010das na to sn\u00ed\u017eit si \u00fa\u010dty za energie? Tak to jste na spr\u00e1vn\u00e9m m\u00edst\u011b! Na\u0161i odborn\u00edci s V\u00e1mi r\u00e1di proberou Va\u0161i aktu\u00e1ln\u00ed situaci a tak\u00e9 v\u00fdhled do budoucna a navrhnou v\u00e1m \u0159e\u0161en\u00ed \u0161it\u00e9 na m\u00edru. \u0158\u00edk\u00e1te si, pro\u010d \u0159e\u0161en\u00ed na m\u00edru? Ona ka\u017ed\u00e1 dom\u00e1cnost m\u00e1 energetick\u00e9 n\u00e1roky &hellip; <a href=\"https:\/\/energiezestrech.cz\/\" class=\"more-link\">Pokra\u010dovat ve \u010dten\u00ed<span class=\"screen-reader-text\"> &#8222;Energie ze st\u0159ech&#8220;<\/span><\/a><\/p>\n","protected":false},"author":1,"featured_media":0,"parent":0,"menu_order":0,"comment_status":"closed","ping_status":"open","template":"","meta":{"footnotes":""},"class_list":["post-2","page","type-page","status-publish","hentry"],"_links":{"self":[{"href":"https:\/\/energiezestrech.cz\/index.php?rest_route=\/wp\/v2\/pages\/2","targetHints":{"allow":["GET"]}}],"collection":[{"href":"https:\/\/energiezestrech.cz\/index.php?rest_route=\/wp\/v2\/pages"}],"about":[{"href":"https:\/\/energiezestrech.cz\/index.php?rest_route=\/wp\/v2\/types\/page"}],"author":[{"embeddable":true,"href":"https:\/\/energiezestrech.cz\/index.php?rest_route=\/wp\/v2\/users\/1"}],"replies":[{"embeddable":true,"href":"https:\/\/energiezestrech.cz\/index.php?rest_route=%2Fwp%2Fv2%2Fcomments&post=2"}],"version-history":[{"count":2,"href":"https:\/\/energiezestrech.cz\/index.php?rest_route=\/wp\/v2\/pages\/2\/revisions"}],"predecessor-version":[{"id":23,"href":"https:\/\/energiezestrech.cz\/index.php?rest_route=\/wp\/v2\/pages\/2\/revisions\/23"}],"wp:attachment":[{"href":"https:\/\/energiezestrech.cz\/index.php?rest_route=%2Fwp%2Fv2%2Fmedia&parent=2"}],"curies":[{"name":"wp","href":"https:\/\/api.w.org\/{rel}","templated":true}]}}