{"id":24,"date":"2022-04-21T11:33:40","date_gmt":"2022-04-21T09:33:40","guid":{"rendered":"https:\/\/energiezestrech.cz\/?page_id=24"},"modified":"2025-04-22T21:03:18","modified_gmt":"2025-04-22T19:03:18","slug":"kontakty","status":"publish","type":"page","link":"https:\/\/energiezestrech.cz\/?page_id=24","title":{"rendered":"Kontakty"},"content":{"rendered":"\n<p>EnergieZeSt\u0159ech s.r.o.<\/p>\n\n\n\n<p>I\u010c: 17096596<\/p>\n\n\n\n<p>DI\u010c: CZ17096596<\/p>\n\n\n\n<p>\u017di\u017ekova 600<\/p>\n\n\n\n<p>664 01 B\u00edlovice nad Svitavou<\/p>\n\n\n\n<p>Tel: +420 792 840 004<\/p>\n\n\n\n<p>E-mail: <a href=\"mailto:info@energiezestrech.cz\">info@energiezestrech.cz<\/a><\/p>\n","protected":false},"excerpt":{"rendered":"<p>EnergieZeSt\u0159ech s.r.o. I\u010c: 17096596 DI\u010c: CZ17096596 \u017di\u017ekova 600 664 01 B\u00edlovice nad Svitavou Tel: +420 792 840 004 E-mail: info@energiezestrech.cz<\/p>\n","protected":false},"author":1,"featured_media":0,"parent":0,"menu_order":0,"comment_status":"closed","ping_status":"closed","template":"","meta":{"footnotes":""},"class_list":["post-24","page","type-page","status-publish","hentry"],"_links":{"self":[{"href":"https:\/\/energiezestrech.cz\/index.php?rest_route=\/wp\/v2\/pages\/24","targetHints":{"allow":["GET"]}}],"collection":[{"href":"https:\/\/energiezestrech.cz\/index.php?rest_route=\/wp\/v2\/pages"}],"about":[{"href":"https:\/\/energiezestrech.cz\/index.php?rest_route=\/wp\/v2\/types\/page"}],"author":[{"embeddable":true,"href":"https:\/\/energiezestrech.cz\/index.php?rest_route=\/wp\/v2\/users\/1"}],"replies":[{"embeddable":true,"href":"https:\/\/energiezestrech.cz\/index.php?rest_route=%2Fwp%2Fv2%2Fcomments&post=24"}],"version-history":[{"count":3,"href":"https:\/\/energiezestrech.cz\/index.php?rest_route=\/wp\/v2\/pages\/24\/revisions"}],"predecessor-version":[{"id":35,"href":"https:\/\/energiezestrech.cz\/index.php?rest_route=\/wp\/v2\/pages\/24\/revisions\/35"}],"wp:attachment":[{"href":"https:\/\/energiezestrech.cz\/index.php?rest_route=%2Fwp%2Fv2%2Fmedia&parent=24"}],"curies":[{"name":"wp","href":"https:\/\/api.w.org\/{rel}","templated":true}]}}